{"id":1664,"date":"2017-11-08T22:24:44","date_gmt":"2017-11-08T21:24:44","guid":{"rendered":"https:\/\/www.zks.nq.pl\/?page_id=1664"},"modified":"2019-10-20T13:30:50","modified_gmt":"2019-10-20T11:30:50","slug":"polska-moja-odpowiedzialnosc","status":"publish","type":"page","link":"https:\/\/www.zks.nq.pl\/?page_id=1664","title":{"rendered":"<center>Polska Moja Odpowiedzialno\u015b\u0107<\/center>"},"content":{"rendered":"<p><img loading=\"lazy\" decoding=\"async\" class=\"aligncenter size-full wp-image-1669\" src=\"https:\/\/www.zks.nq.pl\/wp-content\/uploads\/2017\/11\/polskamojaodpbaner.jpg\" alt=\"\" width=\"1280\" height=\"459\" data-wp-editing=\"1\" srcset=\"https:\/\/www.zks.nq.pl\/wp-content\/uploads\/2017\/11\/polskamojaodpbaner.jpg 1280w, https:\/\/www.zks.nq.pl\/wp-content\/uploads\/2017\/11\/polskamojaodpbaner-300x108.jpg 300w, https:\/\/www.zks.nq.pl\/wp-content\/uploads\/2017\/11\/polskamojaodpbaner-768x275.jpg 768w, https:\/\/www.zks.nq.pl\/wp-content\/uploads\/2017\/11\/polskamojaodpbaner-1024x367.jpg 1024w\" sizes=\"auto, (max-width: 1280px) 100vw, 1280px\" \/><\/p>\n<p>W Zespole Katolickich Szk\u00f3\u0142 w Skawinie realizowany jest projekt dydaktyczno-wychowawczy \u201ePolska Moja Odpowiedzialno\u015b\u0107\u201d z okazji 100-lecia odzyskania niepodleg\u0142o\u015bci. Szczeg\u00f3\u0142y projektu w\u00a0<a href=\"https:\/\/www.zks.nq.pl\/wp-content\/uploads\/2017\/11\/polskamojaodpowiedzialnosc.pdf\">za\u0142\u0105czniku<\/a>.<\/p>\n","protected":false},"excerpt":{"rendered":"<p><center style=\"font-size: 16px; color: white;\"><br \/>&nbsp;<br \/>&nbsp;<a href=\"https:\/\/www.zks.nq.pl\/?page_id=1664\"><img decoding=\"async\" src=\"https:\/\/www.zks.nq.pl\/wp-content\/uploads\/2017\/11\/polskamojaodpbanerm.jpg\" style=\"margin-bottom: 20px;\"><\/a><br \/>&nbsp;<br \/>&nbsp;<\/center><\/p>\n","protected":false},"author":1,"featured_media":0,"parent":0,"menu_order":0,"comment_status":"closed","ping_status":"closed","template":"","meta":{"two_page_speed":[],"footnotes":""},"class_list":["post-1664","page","type-page","status-publish","hentry"],"_links":{"self":[{"href":"https:\/\/www.zks.nq.pl\/index.php?rest_route=\/wp\/v2\/pages\/1664","targetHints":{"allow":["GET"]}}],"collection":[{"href":"https:\/\/www.zks.nq.pl\/index.php?rest_route=\/wp\/v2\/pages"}],"about":[{"href":"https:\/\/www.zks.nq.pl\/index.php?rest_route=\/wp\/v2\/types\/page"}],"author":[{"embeddable":true,"href":"https:\/\/www.zks.nq.pl\/index.php?rest_route=\/wp\/v2\/users\/1"}],"replies":[{"embeddable":true,"href":"https:\/\/www.zks.nq.pl\/index.php?rest_route=%2Fwp%2Fv2%2Fcomments&post=1664"}],"version-history":[{"count":7,"href":"https:\/\/www.zks.nq.pl\/index.php?rest_route=\/wp\/v2\/pages\/1664\/revisions"}],"predecessor-version":[{"id":5092,"href":"https:\/\/www.zks.nq.pl\/index.php?rest_route=\/wp\/v2\/pages\/1664\/revisions\/5092"}],"wp:attachment":[{"href":"https:\/\/www.zks.nq.pl\/index.php?rest_route=%2Fwp%2Fv2%2Fmedia&parent=1664"}],"curies":[{"name":"wp","href":"https:\/\/api.w.org\/{rel}","templated":true}]}}