{"id":2550,"date":"2018-04-19T20:04:48","date_gmt":"2018-04-19T18:04:48","guid":{"rendered":"https:\/\/www.zks.nq.pl\/?page_id=2550"},"modified":"2026-04-10T08:18:27","modified_gmt":"2026-04-10T06:18:27","slug":"rekrutacja-do-katolickiego-liceum-ogolnoksztalcacego","status":"publish","type":"page","link":"https:\/\/www.zks.nq.pl\/?page_id=2550","title":{"rendered":"Rekrutacja do Katolickiego Liceum Og\u00f3lnokszta\u0142c\u0105cego"},"content":{"rendered":"<p style=\"text-align: center;\"><span style=\"font-size: 12pt;\"><strong>Dokumenty zwi\u0105zane z rekrutacj\u0105 do Katolickiego Liceum Og\u00f3lnokszta\u0142c\u0105cego na rok szkolny 2026\/2027<\/strong><\/span><\/p>\r\n\r\n<ul>\r\n \t<li><span style=\"font-size: 12pt;\"><a href=\"https:\/\/www.zks.nq.pl\/wp-content\/uploads\/2026\/04\/Harmonogram-rekrutacji-KLO-na-rok-szkolny-2026_2027.pdf\">Harmonogram rekrutacji KLO na rok szkolny 2026_2027<\/a><\/span><\/li>\r\n \t<li><span style=\"font-size: 12pt;\"><a href=\"https:\/\/www.zks.nq.pl\/wp-content\/uploads\/2026\/04\/Informacja-o-przetwarzaniu-danych-osobowych-KLO-2026.pdf\">Informacja o przetwarzaniu danych osobowych KLO 2026<\/a><\/span><\/li>\r\n \t<li><span style=\"font-size: 12pt;\"><a href=\"https:\/\/www.zks.nq.pl\/wp-content\/uploads\/2026\/04\/KLO-zasady-rekrutacji-2026_2027.pdf\">KLO zasady rekrutacji 2026_2027<\/a><\/span><\/li>\r\n \t<li><span style=\"font-size: 12pt;\"><a href=\"https:\/\/www.zks.nq.pl\/wp-content\/uploads\/2026\/04\/KLO-podanie-2026_2027.docx\">KLO podanie 2026_2027<\/a><\/span><\/li>\r\n<\/ul>\r\n<h4 style=\"text-align: center;\">Prezentacja Katolickiego Liceum Og\u00f3lnokszta\u0142c\u0105cego<\/h4>\r\n<p style=\"text-align: center;\">\u00a0 <iframe loading=\"lazy\" title=\"YouTube video player\" src=\"https:\/\/www.youtube.com\/embed\/tYRuXBqzQ-Q\" width=\"560\" height=\"315\" frameborder=\"0\" allowfullscreen=\"allowfullscreen\"><\/iframe><\/p>\r\n<a href=\"https:\/\/www.zks.nq.pl\/wp-content\/uploads\/2023\/02\/srebrne-liceum-2023.png\"><img loading=\"lazy\" decoding=\"async\" class=\"aligncenter wp-image-9632\" src=\"https:\/\/www.zks.nq.pl\/wp-content\/uploads\/2023\/02\/srebrne-liceum-2023.png\" alt=\"\" width=\"250\" height=\"267\" srcset=\"https:\/\/www.zks.nq.pl\/wp-content\/uploads\/2023\/02\/srebrne-liceum-2023.png 496w, https:\/\/www.zks.nq.pl\/wp-content\/uploads\/2023\/02\/srebrne-liceum-2023-281x300.png 281w\" sizes=\"auto, (max-width: 250px) 100vw, 250px\" \/><\/a>\r\n\r\n<!-- \/wp:post-content -->","protected":false},"excerpt":{"rendered":"<p>Dokumenty zwi\u0105zane z rekrutacj\u0105 do Katolickiego Liceum Og\u00f3lnokszta\u0142c\u0105cego na rok szkolny 2026\/2027 Harmonogram rekrutacji KLO na rok szkolny 2026_2027 Informacja o przetwarzaniu danych osobowych KLO 2026 KLO zasady rekrutacji 2026_2027 KLO podanie 2026_2027 Prezentacja Katolickiego Liceum Og\u00f3lnokszta\u0142c\u0105cego \u00a0<\/p>\n","protected":false},"author":1,"featured_media":0,"parent":2234,"menu_order":0,"comment_status":"closed","ping_status":"closed","template":"","meta":{"two_page_speed":[],"footnotes":""},"class_list":["post-2550","page","type-page","status-publish","hentry"],"_links":{"self":[{"href":"https:\/\/www.zks.nq.pl\/index.php?rest_route=\/wp\/v2\/pages\/2550","targetHints":{"allow":["GET"]}}],"collection":[{"href":"https:\/\/www.zks.nq.pl\/index.php?rest_route=\/wp\/v2\/pages"}],"about":[{"href":"https:\/\/www.zks.nq.pl\/index.php?rest_route=\/wp\/v2\/types\/page"}],"author":[{"embeddable":true,"href":"https:\/\/www.zks.nq.pl\/index.php?rest_route=\/wp\/v2\/users\/1"}],"replies":[{"embeddable":true,"href":"https:\/\/www.zks.nq.pl\/index.php?rest_route=%2Fwp%2Fv2%2Fcomments&post=2550"}],"version-history":[{"count":74,"href":"https:\/\/www.zks.nq.pl\/index.php?rest_route=\/wp\/v2\/pages\/2550\/revisions"}],"predecessor-version":[{"id":14198,"href":"https:\/\/www.zks.nq.pl\/index.php?rest_route=\/wp\/v2\/pages\/2550\/revisions\/14198"}],"up":[{"embeddable":true,"href":"https:\/\/www.zks.nq.pl\/index.php?rest_route=\/wp\/v2\/pages\/2234"}],"wp:attachment":[{"href":"https:\/\/www.zks.nq.pl\/index.php?rest_route=%2Fwp%2Fv2%2Fmedia&parent=2550"}],"curies":[{"name":"wp","href":"https:\/\/api.w.org\/{rel}","templated":true}]}}