{"id":63,"date":"2016-10-17T14:45:10","date_gmt":"2016-10-17T14:45:10","guid":{"rendered":"http:\/\/www.demo.acmethemes.com\/education-base\/?page_id=63"},"modified":"2021-12-05T19:11:11","modified_gmt":"2021-12-05T18:11:11","slug":"introduction","status":"publish","type":"page","link":"https:\/\/www.zks.nq.pl\/?page_id=63","title":{"rendered":"Za\u0142o\u017cyciel Katolickiej Szko\u0142y"},"content":{"rendered":"<p><script src=\"https:\/\/code.responsivevoice.org\/responsivevoice.js?key=xzzMNC6D\"><\/script><\/p>\n<p style=\"text-align: justify;\"><img loading=\"lazy\" decoding=\"async\" class=\"alignleft size-full wp-image-761\" src=\"https:\/\/www.zks.nq.pl\/wp-content\/uploads\/2017\/07\/ksbaran1.jpg\" alt=\"\" width=\"149\" height=\"200\" \/><strong>Ks. Leon Baran<\/strong><\/p>\n<p style=\"text-align: justify;\">Przychodz\u0105 takie momenty, gdy zatrzymujemy si\u0119 nad naszym zdrowiem, ale te\u017c momenty zatrzymania nad \u017cyciem. Okazj\u0105 do takiego zatrzymania sta\u0142a si\u0119 \u015bmier\u0107 Ksi\u0119dza Proboszcza Leona Barana. Z jednej strony wiemy, \u017ce \u015bmier\u0107 jest rzeczywisto\u015bci\u0105 nieuchronn\u0105, a z drugiej zawsze w jej obliczu zadajemy pytanie: \u201edlaczego teraz\u2026\u201d<br \/>\nDo ko\u0144ca obecny w\u015br\u00f3d nas, zainteresowany, pracuj\u0105cy dla dobra szko\u0142y, dla dobra m\u0142odzie\u017cy, cho\u0107 w spos\u00f3b mo\u017ce niewidoczny. Jeszcze w poniedzia\u0142ek, na dzie\u0144 przed p\u00f3j\u015bciem do szpitala, podpisywa\u0142 dokumenty potrzebne do uzyskania dotacji w ramach funduszu stypendialnego dla uczni\u00f3w. My\u015bla\u0142 o szkole, my\u015bla\u0142 o uczniach, ka\u017cdym z osobna, martwi\u0142 si\u0119, bo kocha\u0142\u2026<br \/>\nTo z Jego inicjatywy i dzi\u0119ki Jego staraniom Szko\u0142a Katolicka w Skawinie rozpocz\u0119\u0142a dzia\u0142alno\u015b\u0107. Bardzo cz\u0119sto m\u00f3wi\u0142 i przypomina\u0142 nam wszystkim, \u017ce jeste\u015bmy tu jak rodzina, a gdy odchodzi kto\u015b z rodziny to pozostaje pustka i b\u00f3l\u2026<br \/>\nNam, zwi\u0105zanym z katolickimi szko\u0142ami w Skawinie, odej\u015bcie Ksi\u0119dza Proboszcza pozostawi\u0142o smutek i \u017cal. Przez pi\u0119\u0107 lat mojej pracy w tej szkole wielokrotnie do\u015bwiadcza\u0142em otwarto\u015bci i \u017cyczliwo\u015bci innej ni\u017c pozory. We wszystkich naszych spotkaniach, rozmowach, w\u015br\u00f3d wielu spraw, z kt\u00f3rymi przysz\u0142o nam si\u0119 zmierzy\u0107, czasem bardzo trudnych, zawsze znajdowa\u0142 czas na moment zainteresowania drugim cz\u0142owiekiem. Wiem, \u017ce podobne s\u0105 odczucia wielu spo\u015br\u00f3d nas, kt\u00f3rym przysz\u0142o z Nim wsp\u00f3\u0142pracowa\u0107. W swej trosce o m\u0142ode pokolenie powtarza\u0142 cz\u0119sto nam nauczycielom \u201ekochajcie ich, ale od nich wymagajcie\u2026\u201d<br \/>\nTe s\u0142owa pozosta\u0142y. Cho\u0107 dzi\u015b ju\u017c Go nie ma w\u015br\u00f3d nas, chcemy i czujemy si\u0119 zobowi\u0105zani, by je realizowa\u0107. \u201cKocha\u0107 i wymaga\u0107\u201d tak, by szko\u0142a obecna w \u015brodowisku, dobrze ucz\u0105ca i m\u0105drze wychowuj\u0105ca, by\u0142a wci\u0105\u017c \u017cywym pomnikiem obecno\u015bci w\u015br\u00f3d nas Tego, kt\u00f3ry odszed\u0142\u2026<\/p>\n","protected":false},"excerpt":{"rendered":"<p><center style=\"font-size: 16px; color: white;\"><img decoding=\"async\" src=\"https:\/\/www.zks.nq.pl\/wp-content\/uploads\/2017\/07\/ksbaran1.jpg\"><img decoding=\"async\" src=\"https:\/\/www.zks.nq.pl\/wp-content\/uploads\/2017\/07\/janpawelii1.jpg\"><br \/>\nZa\u0142o\u017cyciel i patron Zespo\u0142u Katolickich Szk\u00f3\u0142<\/center><\/p>\n","protected":false},"author":1,"featured_media":0,"parent":0,"menu_order":0,"comment_status":"closed","ping_status":"closed","template":"","meta":{"two_page_speed":[],"footnotes":""},"class_list":["post-63","page","type-page","status-publish","hentry"],"_links":{"self":[{"href":"https:\/\/www.zks.nq.pl\/index.php?rest_route=\/wp\/v2\/pages\/63","targetHints":{"allow":["GET"]}}],"collection":[{"href":"https:\/\/www.zks.nq.pl\/index.php?rest_route=\/wp\/v2\/pages"}],"about":[{"href":"https:\/\/www.zks.nq.pl\/index.php?rest_route=\/wp\/v2\/types\/page"}],"author":[{"embeddable":true,"href":"https:\/\/www.zks.nq.pl\/index.php?rest_route=\/wp\/v2\/users\/1"}],"replies":[{"embeddable":true,"href":"https:\/\/www.zks.nq.pl\/index.php?rest_route=%2Fwp%2Fv2%2Fcomments&post=63"}],"version-history":[{"count":28,"href":"https:\/\/www.zks.nq.pl\/index.php?rest_route=\/wp\/v2\/pages\/63\/revisions"}],"predecessor-version":[{"id":7853,"href":"https:\/\/www.zks.nq.pl\/index.php?rest_route=\/wp\/v2\/pages\/63\/revisions\/7853"}],"wp:attachment":[{"href":"https:\/\/www.zks.nq.pl\/index.php?rest_route=%2Fwp%2Fv2%2Fmedia&parent=63"}],"curies":[{"name":"wp","href":"https:\/\/api.w.org\/{rel}","templated":true}]}}