{"id":720,"date":"2017-07-06T03:08:53","date_gmt":"2017-07-06T01:08:53","guid":{"rendered":"https:\/\/www.zks.nq.pl\/?page_id=720"},"modified":"2024-11-16T18:05:42","modified_gmt":"2024-11-16T17:05:42","slug":"sw-jan-pawel-ii","status":"publish","type":"page","link":"https:\/\/www.zks.nq.pl\/?page_id=720","title":{"rendered":"Misja i wizja szko\u0142y"},"content":{"rendered":"<p style=\"text-align: justify;\"><a href=\"https:\/\/www.zks.nq.pl\/wp-content\/uploads\/2017\/07\/logoks.jpg\"><img loading=\"lazy\" decoding=\"async\" class=\"alignleft wp-image-1175\" src=\"https:\/\/www.zks.nq.pl\/wp-content\/uploads\/2017\/07\/logoks.jpg\" alt=\"\" width=\"200\" height=\"216\" srcset=\"https:\/\/www.zks.nq.pl\/wp-content\/uploads\/2017\/07\/logoks.jpg 1183w, https:\/\/www.zks.nq.pl\/wp-content\/uploads\/2017\/07\/logoks-277x300.jpg 277w, https:\/\/www.zks.nq.pl\/wp-content\/uploads\/2017\/07\/logoks-768x831.jpg 768w, https:\/\/www.zks.nq.pl\/wp-content\/uploads\/2017\/07\/logoks-946x1024.jpg 946w\" sizes=\"auto, (max-width: 200px) 100vw, 200px\" \/><\/a>Celem naszych szk\u00f3\u0142 jest przygotowanie uczni\u00f3w do godnego i tw\u00f3rczego udzia\u0142u w \u017cyciu wsp\u00f3\u0142czesnego \u015bwiata.<\/p>\n<p style=\"text-align: justify;\">Wspieramy wszechstronny rozw\u00f3j naszych wychowank\u00f3w uwzgl\u0119dniaj\u0105c ich indywidualne predyspozycje i zainteresowania.<\/p>\n<p style=\"text-align: justify;\">Wyposa\u017camy uczni\u00f3w w rzeteln\u0105 wiedz\u0119, kszta\u0142tujemy umiej\u0119tno\u015b\u0107 warto\u015bciowania i podejmowania decyzji.<\/p>\n<p style=\"text-align: justify;\">Chcemy pom\u00f3c m\u0142odemu pokoleniu w odnajdywaniu celu i sensu w\u0142asnego istnienia by nasi absolwenci \u017cyli w poszanowaniu godno\u015bci osoby ludzkiej, w przywi\u0105zaniu do Ko\u015bcio\u0142a i Ojczyzny.<\/p>\n<p>&nbsp;<\/p>\n<p>&nbsp;<\/p>\n","protected":false},"excerpt":{"rendered":"<p><center style=\"font-size: 16px; color: white;\"><a href=\"https:\/\/www.zks.nq.pl\/?page_id=720\"><img decoding=\"async\" src=\"https:\/\/www.zks.nq.pl\/wp-content\/uploads\/2017\/07\/dekalog.png\"><\/a><br \/>\n&nbsp;<\/center><\/p>\n","protected":false},"author":1,"featured_media":0,"parent":0,"menu_order":0,"comment_status":"closed","ping_status":"closed","template":"","meta":{"two_page_speed":[],"footnotes":""},"class_list":["post-720","page","type-page","status-publish","hentry"],"_links":{"self":[{"href":"https:\/\/www.zks.nq.pl\/index.php?rest_route=\/wp\/v2\/pages\/720","targetHints":{"allow":["GET"]}}],"collection":[{"href":"https:\/\/www.zks.nq.pl\/index.php?rest_route=\/wp\/v2\/pages"}],"about":[{"href":"https:\/\/www.zks.nq.pl\/index.php?rest_route=\/wp\/v2\/types\/page"}],"author":[{"embeddable":true,"href":"https:\/\/www.zks.nq.pl\/index.php?rest_route=\/wp\/v2\/users\/1"}],"replies":[{"embeddable":true,"href":"https:\/\/www.zks.nq.pl\/index.php?rest_route=%2Fwp%2Fv2%2Fcomments&post=720"}],"version-history":[{"count":13,"href":"https:\/\/www.zks.nq.pl\/index.php?rest_route=\/wp\/v2\/pages\/720\/revisions"}],"predecessor-version":[{"id":12583,"href":"https:\/\/www.zks.nq.pl\/index.php?rest_route=\/wp\/v2\/pages\/720\/revisions\/12583"}],"wp:attachment":[{"href":"https:\/\/www.zks.nq.pl\/index.php?rest_route=%2Fwp%2Fv2%2Fmedia&parent=720"}],"curies":[{"name":"wp","href":"https:\/\/api.w.org\/{rel}","templated":true}]}}