{"id":8579,"date":"2022-07-09T18:55:06","date_gmt":"2022-07-09T16:55:06","guid":{"rendered":"https:\/\/www.zks.nq.pl\/?page_id=8579"},"modified":"2022-07-09T19:03:16","modified_gmt":"2022-07-09T17:03:16","slug":"schola","status":"publish","type":"page","link":"https:\/\/www.zks.nq.pl\/?page_id=8579","title":{"rendered":"Schola"},"content":{"rendered":"<p style=\"text-align: justify;\">Schola im. \u015bw. Micha\u0142a Archanio\u0142a powsta\u0142a w lutym 2021 r. po peregrynacji figury \u015bw. Micha\u0142a Archanio\u0142a z Gargano w Parafii p.w. \u015a. Aposto\u0142\u00f3w Szymona i Judy Tadeusza oraz w Zespole Szk\u00f3\u0142 Katolickich. Schol\u0119 prowadzi p. Renata Milc \u2013 nauczyciel edukacji wczesnoszkolnej. Zaj\u0119cia odbywaj\u0105 si\u0119 raz w tygodniu i bior\u0105 w nich udzia\u0142 ch\u0119tni uczniowie z klas 1-3. Schola swoim \u015bpiewem ubogaca comiesi\u0119czn\u0105 eucharysti\u0119 w pierwsze pi\u0105tki miesi\u0105ca, nabo\u017ce\u0144stwa, a tak\u017ce szkolne uroczysto\u015bci. Udzia\u0142 w zaj\u0119ciach jest dobrowolny i bezp\u0142atny.<\/p>\n<p style=\"text-align: justify;\"><strong>Modlitwa do \u015bwi\u0119tego Micha\u0142a Archanio\u0142a<\/strong><\/p>\n<p style=\"text-align: justify;\">\u015awi\u0119ty\u00a0Michale Archaniele! Wspomagaj nas w walce, a przeciw niegodziwo\u015bci i zasadzkom z\u0142ego ducha b\u0105d\u017a nasz\u0105 obron\u0105. Oby go B\u00f3g pogromi\u0107 raczy\u0142, pokornie o to prosimy, a Ty, Wodzu niebieskich zast\u0119p\u00f3w, szatana i inne z\u0142e duchy, kt\u00f3re na zgub\u0119 dusz ludzkich po tym \u015bwiecie kr\u0105\u017c\u0105, moc\u0105 Bo\u017c\u0105 str\u0105\u0107 do piek\u0142a. Amen.<\/p>\n<p><strong>Hymn Scholi<\/strong><\/p>\n<p><center><iframe loading=\"lazy\" title=\"\u015awi\u0119ty Michale Archaniele\" width=\"640\" height=\"480\" src=\"https:\/\/www.youtube.com\/embed\/x2FQ83y1Q7k?feature=oembed\" frameborder=\"0\" allow=\"accelerometer; autoplay; clipboard-write; encrypted-media; gyroscope; picture-in-picture; web-share\" referrerpolicy=\"strict-origin-when-cross-origin\" allowfullscreen><\/iframe><\/p>\n<p>&nbsp;<\/p>\n<p>&nbsp;<\/p>\n<p><\/center>&nbsp;<\/p>\n<style id=\"bwg-style-0\">    #bwg_container1_0 #bwg_container2_0 .bwg-container-0.bwg-standard-thumbnails {      width: 1254px;              justify-content: center;        margin:0 auto !important;              background-color: rgba(255, 255, 255, 0.00);            padding-left: 4px;      padding-top: 4px;      max-width: 100%;            }        #bwg_container1_0 #bwg_container2_0 .bwg-container-0.bwg-standard-thumbnails .bwg-item {    justify-content: flex-start;      max-width: 250px;          }    #bwg_container1_0 #bwg_container2_0 .bwg-container-0.bwg-standard-thumbnails .bwg-item a {       margin-right: 4px;       margin-bottom: 4px;    }    #bwg_container1_0 #bwg_container2_0 .bwg-container-0.bwg-standard-thumbnails .bwg-item0 {      padding: 0px;            background-color:rgba(255,255,255, 0.30);      border: 0px none #CCCCCC;      opacity: 1.00;      border-radius: 0;      box-shadow: 0px 0px 0px #888888;    }    #bwg_container1_0 #bwg_container2_0 .bwg-container-0.bwg-standard-thumbnails .bwg-item1 img {      max-height: none;      max-width: none;      padding: 0 !important;    }        @media only screen and (min-width: 480px) {      #bwg_container1_0 #bwg_container2_0 .bwg-container-0.bwg-standard-thumbnails .bwg-item0 {        transition: all 0.3s ease 0s;-webkit-transition: all 0.3s ease 0s;      }      #bwg_container1_0 #bwg_container2_0 .bwg-container-0.bwg-standard-thumbnails .bwg-item0:hover {        -ms-transform: scale(1.1);        -webkit-transform: scale(1.1);        transform: scale(1.1);      }    }          #bwg_container1_0 #bwg_container2_0 .bwg-container-0.bwg-standard-thumbnails .bwg-item1 {      padding-top: 56%;    }        #bwg_container1_0 #bwg_container2_0 .bwg-container-0.bwg-standard-thumbnails .bwg-title1 {      position: absolute;      top: 0;      z-index: 100;      width: 100%;      height: 100%;      display: flex;      justify-content: center;      align-content: center;      flex-direction: column;      opacity: 0;    }\t      #bwg_container1_0 #bwg_container2_0 .bwg-container-0.bwg-standard-thumbnails .bwg-title2,    #bwg_container1_0 #bwg_container2_0 .bwg-container-0.bwg-standard-thumbnails .bwg-ecommerce2 {      color: #FFFFFF;      font-family: segoe ui;      font-size: 16px;      font-weight: bold;      padding: 2px;      text-shadow: 0px 0px 0px #888888;      max-height: 100%;    }    #bwg_container1_0 #bwg_container2_0 .bwg-container-0.bwg-standard-thumbnails .bwg-thumb-description span {    color: #323A45;    font-family: Ubuntu;    font-size: 12px;    max-height: 100%;    word-wrap: break-word;    }    #bwg_container1_0 #bwg_container2_0 .bwg-container-0.bwg-standard-thumbnails .bwg-play-icon2 {      font-size: 32px;    }    #bwg_container1_0 #bwg_container2_0 .bwg-container-0.bwg-standard-thumbnails .bwg-ecommerce2 {      font-size: 19.2px;      color: #CCCCCC;    }    <\/style>    <div id=\"bwg_container1_0\"         class=\"bwg_container bwg_thumbnail bwg_thumbnails \"         data-right-click-protection=\"0\"         data-bwg=\"0\"         data-scroll=\"0\"         data-gallery-type=\"thumbnails\"         data-gallery-view-type=\"thumbnails\"         data-current-url=\"\/index.php?rest_route=%2Fwp%2Fv2%2Fpages%2F8579\"         data-lightbox-url=\"https:\/\/www.zks.nq.pl\/wp-admin\/admin-ajax.php?action=GalleryBox&#038;current_view=0&#038;gallery_id=382&#038;tag=0&#038;theme_id=1&#038;shortcode_id=772&#038;sort_by=order&#038;order_by=asc&#038;current_url=%2Findex.php%3Frest_route%3D%252Fwp%252Fv2%252Fpages%252F8579\"         data-gallery-id=\"382\"         data-popup-width=\"800\"         data-popup-height=\"500\"         data-is-album=\"gallery\"         data-buttons-position=\"bottom\">      <div id=\"bwg_container2_0\">             <div id=\"ajax_loading_0\" class=\"bwg_loading_div_1\">      <div class=\"bwg_loading_div_2\">        <div class=\"bwg_loading_div_3\">          <div id=\"loading_div_0\" class=\"bwg_spider_ajax_loading\">          <\/div>        <\/div>      <\/div>    <\/div>            <form id=\"gal_front_form_0\"              class=\"bwg-hidden\"              method=\"post\"              action=\"#\"              data-current=\"0\"              data-shortcode-id=\"772\"              data-gallery-type=\"thumbnails\"              data-gallery-id=\"382\"              data-tag=\"0\"              data-album-id=\"0\"              data-theme-id=\"1\"              data-ajax-url=\"https:\/\/www.zks.nq.pl\/wp-admin\/admin-ajax.php?action=bwg_frontend_data\">          <div id=\"bwg_container3_0\" class=\"bwg-background bwg-background-0\">                <div data-max-count=\"5\"         data-thumbnail-width=\"250\"         data-bwg=\"0\"         data-gallery-id=\"382\"         data-lightbox-url=\"https:\/\/www.zks.nq.pl\/wp-admin\/admin-ajax.php?action=GalleryBox&amp;current_view=0&amp;gallery_id=382&amp;tag=0&amp;theme_id=1&amp;shortcode_id=772&amp;sort_by=order&amp;order_by=asc&amp;current_url=%2Findex.php%3Frest_route%3D%252Fwp%252Fv2%252Fpages%252F8579\"         id=\"bwg_thumbnails_0\"         class=\"bwg-container-0 bwg-thumbnails bwg-standard-thumbnails bwg-container bwg-border-box\">            <div class=\"bwg-item\">        <a class=\"bwg-a  bwg_lightbox\"  data-image-id=\"8854\" href=\"https:\/\/www.zks.nq.pl\/wp-content\/uploads\/photo-gallery\/2021-2022\/schola\/schola-5.jpg?bwg=1696183359\" data-elementor-open-lightbox=\"no\">                <div class=\"bwg-item0 \">          <div class=\"bwg-item1 \">            <div class=\"bwg-item2\">              <img decoding=\"async\" class=\"skip-lazy bwg_standart_thumb_img_0 \"                   data-id=\"8854\"                   data-width=\"500.00\"                   data-height=\"333.00\"                   data-src=\"https:\/\/www.zks.nq.pl\/wp-content\/uploads\/photo-gallery\/2021-2022\/schola\/thumb\/schola-5.jpg?bwg=1696183359\"                   src=\"https:\/\/www.zks.nq.pl\/wp-content\/uploads\/photo-gallery\/2021-2022\/schola\/thumb\/schola-5.jpg?bwg=1696183359\"                   alt=\"schola-5\"                   title=\"schola-5\" \/>            <\/div>            <div class=\"\">              <div class=\"bwg-title1\"><div class=\"bwg-title2\">schola-5<\/div><\/div>                                        <\/div>          <\/div>        <\/div>                        <\/a>              <\/div>            <div class=\"bwg-item\">        <a class=\"bwg-a  bwg_lightbox\"  data-image-id=\"8855\" href=\"https:\/\/www.zks.nq.pl\/wp-content\/uploads\/photo-gallery\/2021-2022\/schola\/schola-4.jpg?bwg=1696183359\" data-elementor-open-lightbox=\"no\">                <div class=\"bwg-item0 \">          <div class=\"bwg-item1 \">            <div class=\"bwg-item2\">              <img decoding=\"async\" class=\"skip-lazy bwg_standart_thumb_img_0 \"                   data-id=\"8855\"                   data-width=\"500.00\"                   data-height=\"333.00\"                   data-src=\"https:\/\/www.zks.nq.pl\/wp-content\/uploads\/photo-gallery\/2021-2022\/schola\/thumb\/schola-4.jpg?bwg=1696183359\"                   src=\"https:\/\/www.zks.nq.pl\/wp-content\/uploads\/photo-gallery\/2021-2022\/schola\/thumb\/schola-4.jpg?bwg=1696183359\"                   alt=\"schola-4\"                   title=\"schola-4\" \/>            <\/div>            <div class=\"\">              <div class=\"bwg-title1\"><div class=\"bwg-title2\">schola-4<\/div><\/div>                                        <\/div>          <\/div>        <\/div>                        <\/a>              <\/div>            <div class=\"bwg-item\">        <a class=\"bwg-a  bwg_lightbox\"  data-image-id=\"8856\" href=\"https:\/\/www.zks.nq.pl\/wp-content\/uploads\/photo-gallery\/2021-2022\/schola\/schola-3.jpg?bwg=1696183359\" data-elementor-open-lightbox=\"no\">                <div class=\"bwg-item0 \">          <div class=\"bwg-item1 \">            <div class=\"bwg-item2\">              <img decoding=\"async\" class=\"skip-lazy bwg_standart_thumb_img_0 \"                   data-id=\"8856\"                   data-width=\"500.00\"                   data-height=\"333.00\"                   data-src=\"https:\/\/www.zks.nq.pl\/wp-content\/uploads\/photo-gallery\/2021-2022\/schola\/thumb\/schola-3.jpg?bwg=1696183359\"                   src=\"https:\/\/www.zks.nq.pl\/wp-content\/uploads\/photo-gallery\/2021-2022\/schola\/thumb\/schola-3.jpg?bwg=1696183359\"                   alt=\"schola-3\"                   title=\"schola-3\" \/>            <\/div>            <div class=\"\">              <div class=\"bwg-title1\"><div class=\"bwg-title2\">schola-3<\/div><\/div>                                        <\/div>          <\/div>        <\/div>                        <\/a>              <\/div>            <div class=\"bwg-item\">        <a class=\"bwg-a  bwg_lightbox\"  data-image-id=\"8857\" href=\"https:\/\/www.zks.nq.pl\/wp-content\/uploads\/photo-gallery\/2021-2022\/schola\/schola-1.jpg?bwg=1696183359\" data-elementor-open-lightbox=\"no\">                <div class=\"bwg-item0 \">          <div class=\"bwg-item1 \">            <div class=\"bwg-item2\">              <img decoding=\"async\" class=\"skip-lazy bwg_standart_thumb_img_0 \"                   data-id=\"8857\"                   data-width=\"500.00\"                   data-height=\"333.00\"                   data-src=\"https:\/\/www.zks.nq.pl\/wp-content\/uploads\/photo-gallery\/2021-2022\/schola\/thumb\/schola-1.jpg?bwg=1696183359\"                   src=\"https:\/\/www.zks.nq.pl\/wp-content\/uploads\/photo-gallery\/2021-2022\/schola\/thumb\/schola-1.jpg?bwg=1696183359\"                   alt=\"schola-1\"                   title=\"schola-1\" \/>            <\/div>            <div class=\"\">              <div class=\"bwg-title1\"><div class=\"bwg-title2\">schola-1<\/div><\/div>                                        <\/div>          <\/div>        <\/div>                        <\/a>              <\/div>            <div class=\"bwg-item\">        <a class=\"bwg-a  bwg_lightbox\"  data-image-id=\"8858\" href=\"https:\/\/www.zks.nq.pl\/wp-content\/uploads\/photo-gallery\/2021-2022\/schola\/schola-2.jpg?bwg=1696183359\" data-elementor-open-lightbox=\"no\">                <div class=\"bwg-item0 \">          <div class=\"bwg-item1 \">            <div class=\"bwg-item2\">              <img decoding=\"async\" class=\"skip-lazy bwg_standart_thumb_img_0 \"                   data-id=\"8858\"                   data-width=\"500.00\"                   data-height=\"333.00\"                   data-src=\"https:\/\/www.zks.nq.pl\/wp-content\/uploads\/photo-gallery\/2021-2022\/schola\/thumb\/schola-2.jpg?bwg=1696183359\"                   src=\"https:\/\/www.zks.nq.pl\/wp-content\/uploads\/photo-gallery\/2021-2022\/schola\/thumb\/schola-2.jpg?bwg=1696183359\"                   alt=\"schola-2\"                   title=\"schola-2\" \/>            <\/div>            <div class=\"\">              <div class=\"bwg-title1\"><div class=\"bwg-title2\">schola-2<\/div><\/div>                                        <\/div>          <\/div>        <\/div>                        <\/a>              <\/div>          <\/div>    <style>      \/*pagination styles*\/      #bwg_container1_0 #bwg_container2_0 .tablenav-pages_0 {\t\t\t\ttext-align: center;\t\t\t\tfont-size: 12px;\t\t\t\tfont-family: segoe ui;\t\t\t\tfont-weight: bold;\t\t\t\tcolor: #666666;\t\t\t\tmargin: 6px 0 4px;\t\t\t\tdisplay: block;      }      @media only screen and (max-width : 320px) {      #bwg_container1_0 #bwg_container2_0 .displaying-num_0 {     \t display: none;      }      }      #bwg_container1_0 #bwg_container2_0 .displaying-num_0 {\t\t\t\tfont-size: 12px;\t\t\t\tfont-family: segoe ui;\t\t\t\tfont-weight: bold;\t\t\t\tcolor: #666666;\t\t\t\tmargin-right: 10px;\t\t\t\tvertical-align: middle;      }      #bwg_container1_0 #bwg_container2_0 .paging-input_0 {\t\t\t\tfont-size: 12px;\t\t\t\tfont-family: segoe ui;\t\t\t\tfont-weight: bold;\t\t\t\tcolor: #666666;\t\t\t\tvertical-align: middle;      }      #bwg_container1_0 #bwg_container2_0 .tablenav-pages_0 a.disabled,      #bwg_container1_0 #bwg_container2_0 .tablenav-pages_0 a.disabled:hover,      #bwg_container1_0 #bwg_container2_0 .tablenav-pages_0 a.disabled:focus,\t\t\t#bwg_container1_0 #bwg_container2_0 .tablenav-pages_0 input.bwg_current_page {\t\t\t\tcursor: default;\t\t\t\tcolor: rgba(102, 102, 102, 0.5);      }      #bwg_container1_0 #bwg_container2_0 .tablenav-pages_0 a,      #bwg_container1_0 #bwg_container2_0 .tablenav-pages_0 input.bwg_current_page {\t\t\t\tcursor: pointer;\t\t\t\ttext-align: center;\t\t\t\tfont-size: 12px;\t\t\t\tfont-family: segoe ui;\t\t\t\tfont-weight: bold;\t\t\t\tcolor: #666666;\t\t\t\ttext-decoration: none;\t\t\t\tpadding: 3px 6px;\t\t\t\tmargin: 0;\t\t\t\tborder-radius: 0;\t\t\t\tborder-style: solid;\t\t\t\tborder-width: 1px;\t\t\t\tborder-color: #E3E3E3;\t\t\t\t\t\t\t\tbackground-color: rgba(255, 255, 255, 1.00);\t\t\t\tbox-shadow: 0;\t\t\t\ttransition: all 0.3s ease 0s;-webkit-transition: all 0.3s ease 0s;      }      <\/style>      <span class=\"bwg_nav_cont_0\">              <div class=\"tablenav-pages_0\">                  <\/div>                <input type=\"hidden\" id=\"page_number_0\" name=\"page_number_0\" value=\"1\" \/>      <script type=\"text\/javascript\">        if( jQuery('.bwg_nav_cont_0').length > 1 ) {          jQuery('.bwg_nav_cont_0').first().remove()        }        function spider_page_0(cur, x, y, load_more) {          if (typeof load_more == \"undefined\") {            var load_more = false;          }          if (jQuery(cur).hasClass('disabled')) {            return false;          }          var items_county_0 = 1;          switch (y) {            case 1:              if (x >= items_county_0) {                document.getElementById('page_number_0').value = items_county_0;              }              else {                document.getElementById('page_number_0').value = x + 1;              }              break;            case 2:              document.getElementById('page_number_0').value = items_county_0;              break;            case -1:              if (x == 1) {                document.getElementById('page_number_0').value = 1;              }              else {                document.getElementById('page_number_0').value = x - 1;              }              break;            case -2:              document.getElementById('page_number_0').value = 1;              break;\t\t\t\t\t\tcase 0:              document.getElementById('page_number_0').value = x;              break;            default:              document.getElementById('page_number_0').value = 1;          }          bwg_ajax('gal_front_form_0', '0', 'bwg_thumbnails_0', '0', '', 'gallery', 0, '', '', load_more, '', 1);        }                    jQuery('.first-page-0').on('click', function () {              spider_page_0(this, 1, -2, 'numeric');              return false;            });            jQuery('.prev-page-0').on('click', function () {              spider_page_0(this, 1, -1, 'numeric');              return false;            });            jQuery('.next-page-0').on('click', function () {              spider_page_0(this, 1, 1, 'numeric');              return false;            });            jQuery('.last-page-0').on('click', function () {              spider_page_0(this, 1, 2, 'numeric');              return false;            });        \t\t\t\t\/* Change page on input enter. *\/        function bwg_change_page_0( e, that ) {          if (  e.key == 'Enter' ) {            var to_page = parseInt(jQuery(that).val());            var pages_count = jQuery(that).parents(\".pagination-links\").data(\"pages-count\");            var current_url_param = jQuery(that).attr('data-url-info');            if (to_page > pages_count) {              to_page = 1;            }\t \t\t\t\t\t\t\t\t\t\t\t\tspider_page_0(this, to_page, 0, 'numeric');\t\t\t\t\t\t\treturn false;\t\t\t\t\t\t          }          return true;        }        jQuery('.bwg_load_btn_0').on('click', function () {            spider_page_0(this, 1, 1, true);            return false;        });      <\/script>      <\/span>                <\/div>        <\/form>        <style>          #bwg_container1_0 #bwg_container2_0 #spider_popup_overlay_0 {          background-color: #000000;          opacity: 0.70;          }          <\/style>        <div id=\"bwg_spider_popup_loading_0\" class=\"bwg_spider_popup_loading\"><\/div>        <div id=\"spider_popup_overlay_0\" class=\"spider_popup_overlay\" onclick=\"spider_destroypopup(1000)\"><\/div>        <input type=\"hidden\" id=\"bwg_random_seed_0\" value=\"1063419680\">                <\/div>    <\/div>    <script>      if (document.readyState === 'complete') {        if( typeof bwg_main_ready == 'function' ) {          if ( jQuery(\"#bwg_container1_0\").height() ) {            bwg_main_ready(jQuery(\"#bwg_container1_0\"));          }        }      } else {        document.addEventListener('DOMContentLoaded', function() {          if( typeof bwg_main_ready == 'function' ) {            if ( jQuery(\"#bwg_container1_0\").height() ) {             bwg_main_ready(jQuery(\"#bwg_container1_0\"));            }          }        });      }    <\/script>    \n","protected":false},"excerpt":{"rendered":"<p>Schola im. \u015bw. Micha\u0142a Archanio\u0142a powsta\u0142a w lutym 2021 r. po peregrynacji figury \u015bw. Micha\u0142a Archanio\u0142a z Gargano w Parafii p.w. \u015a. Aposto\u0142\u00f3w Szymona i Judy Tadeusza oraz w Zespole Szk\u00f3\u0142 Katolickich. Schol\u0119 prowadzi p. Renata Milc \u2013 nauczyciel edukacji wczesnoszkolnej. Zaj\u0119cia odbywaj\u0105 si\u0119 raz w tygodniu i bior\u0105 w nich udzia\u0142 ch\u0119tni uczniowie z&hellip;<\/p>\n","protected":false},"author":1,"featured_media":0,"parent":0,"menu_order":0,"comment_status":"closed","ping_status":"closed","template":"","meta":{"two_page_speed":[],"footnotes":""},"class_list":["post-8579","page","type-page","status-publish","hentry"],"_links":{"self":[{"href":"https:\/\/www.zks.nq.pl\/index.php?rest_route=\/wp\/v2\/pages\/8579","targetHints":{"allow":["GET"]}}],"collection":[{"href":"https:\/\/www.zks.nq.pl\/index.php?rest_route=\/wp\/v2\/pages"}],"about":[{"href":"https:\/\/www.zks.nq.pl\/index.php?rest_route=\/wp\/v2\/types\/page"}],"author":[{"embeddable":true,"href":"https:\/\/www.zks.nq.pl\/index.php?rest_route=\/wp\/v2\/users\/1"}],"replies":[{"embeddable":true,"href":"https:\/\/www.zks.nq.pl\/index.php?rest_route=%2Fwp%2Fv2%2Fcomments&post=8579"}],"version-history":[{"count":8,"href":"https:\/\/www.zks.nq.pl\/index.php?rest_route=\/wp\/v2\/pages\/8579\/revisions"}],"predecessor-version":[{"id":8589,"href":"https:\/\/www.zks.nq.pl\/index.php?rest_route=\/wp\/v2\/pages\/8579\/revisions\/8589"}],"wp:attachment":[{"href":"https:\/\/www.zks.nq.pl\/index.php?rest_route=%2Fwp%2Fv2%2Fmedia&parent=8579"}],"curies":[{"name":"wp","href":"https:\/\/api.w.org\/{rel}","templated":true}]}}